{"id":90,"date":"2017-02-21T18:25:51","date_gmt":"2017-02-21T17:25:51","guid":{"rendered":"http:\/\/www.weichei.co.at\/wp\/?page_id=90"},"modified":"2017-11-21T13:39:36","modified_gmt":"2017-11-21T12:39:36","slug":"huehnerliebe","status":"publish","type":"page","link":"http:\/\/www.weichei.co.at\/wp\/?page_id=90","title":{"rendered":"H\u00fchnerliebe"},"content":{"rendered":"<p><img decoding=\"async\" loading=\"lazy\" class=\"alignright wp-image-225\" src=\"http:\/\/www.weichei.co.at\/wp\/wp-content\/uploads\/2017\/02\/liebe_perndl-e1487790529882.jpg\" width=\"300\" height=\"490\" srcset=\"http:\/\/www.weichei.co.at\/wp\/wp-content\/uploads\/2017\/02\/liebe_perndl-e1487790529882.jpg 478w, http:\/\/www.weichei.co.at\/wp\/wp-content\/uploads\/2017\/02\/liebe_perndl-e1487790529882-184x300.jpg 184w\" sizes=\"(max-width: 300px) 100vw, 300px\" \/>Unsere Leidenschaft f\u00fcr Federvieh wird jeder Generation am Perndlhof in die Wiege gelegt. Der kr\u00e4hende Gockel am Misthaufen ist hier am idyllischen Vierkanter im Mostviertel noch immer Realit\u00e4t. Wir sch\u00e4tzen unsere H\u00fchner als wundersch\u00f6ne, bereichernde Farbkleckse in unserer tierischen Familie.<\/p>\n<p>Darum stehen bei unseren Futterkreationen die Bed\u00fcrfnisse des Huhns im Mittelpunkt.<\/p>\n<p>Made with Love und Liebe zum Huhn.<\/p>\n<p>&nbsp;<\/p>\n<p><i>Deine<\/i><em> Familie Perndl<\/em><\/p>\n<p>&nbsp;<\/p>\n","protected":false},"excerpt":{"rendered":"<p>Unsere Leidenschaft f\u00fcr Federvieh wird jeder Generation am Perndlhof in die Wiege gelegt. Der kr\u00e4hende Gockel am Misthaufen ist hier am idyllischen Vierkanter im Mostviertel noch immer Realit\u00e4t. Wir sch\u00e4tzen unsere H\u00fchner als wundersch\u00f6ne, bereichernde Farbkleckse in unserer tierischen Familie. Darum stehen bei unseren Futterkreationen die Bed\u00fcrfnisse des Huhns im Mittelpunkt. Made with Love und [&hellip;]<\/p>\n","protected":false},"author":1,"featured_media":0,"parent":0,"menu_order":0,"comment_status":"closed","ping_status":"closed","template":"","meta":[],"_links":{"self":[{"href":"http:\/\/www.weichei.co.at\/wp\/index.php?rest_route=\/wp\/v2\/pages\/90"}],"collection":[{"href":"http:\/\/www.weichei.co.at\/wp\/index.php?rest_route=\/wp\/v2\/pages"}],"about":[{"href":"http:\/\/www.weichei.co.at\/wp\/index.php?rest_route=\/wp\/v2\/types\/page"}],"author":[{"embeddable":true,"href":"http:\/\/www.weichei.co.at\/wp\/index.php?rest_route=\/wp\/v2\/users\/1"}],"replies":[{"embeddable":true,"href":"http:\/\/www.weichei.co.at\/wp\/index.php?rest_route=%2Fwp%2Fv2%2Fcomments&post=90"}],"version-history":[{"count":11,"href":"http:\/\/www.weichei.co.at\/wp\/index.php?rest_route=\/wp\/v2\/pages\/90\/revisions"}],"predecessor-version":[{"id":558,"href":"http:\/\/www.weichei.co.at\/wp\/index.php?rest_route=\/wp\/v2\/pages\/90\/revisions\/558"}],"wp:attachment":[{"href":"http:\/\/www.weichei.co.at\/wp\/index.php?rest_route=%2Fwp%2Fv2%2Fmedia&parent=90"}],"curies":[{"name":"wp","href":"https:\/\/api.w.org\/{rel}","templated":true}]}}