{"id":88,"date":"2017-02-21T18:25:35","date_gmt":"2017-02-21T17:25:35","guid":{"rendered":"http:\/\/www.weichei.co.at\/wp\/?page_id=88"},"modified":"2019-09-10T08:02:16","modified_gmt":"2019-09-10T06:02:16","slug":"unser-futter","status":"publish","type":"page","link":"http:\/\/www.weichei.co.at\/wp\/?page_id=88","title":{"rendered":"Unser Futter"},"content":{"rendered":"<ul>\n<li>Aus regionaler b\u00e4uerlicher Produktion &#8211; best of heimisches Getreide<\/li>\n<li>Entwickelt mit Gefl\u00fcgeltier\u00e4rztinnen und Z\u00fcchterInnen &#8211; rundum versorgt<\/li>\n<li>Rezepturen zur Unterst\u00fctzung der Vitalit\u00e4t und Gesundheit &#8211; so lebt es sich gut!<\/li>\n<li>Extra Plus: Hofeigene Kr\u00e4uter und Gew\u00fcrze in jeder Rezeptur &#8211; Natur PUR<\/li>\n<li>Abpackungen auch f\u00fcr kleine Herden &#8211; leicht zu transportieren<\/li>\n<li>Produziert mit Liebe und Leidenschaft f\u00fcr Gefl\u00fcgel &#8211; mit Hirn und Herz<\/li>\n<\/ul>\n<h2>Unsere&nbsp;Standard Mischungen<\/h2>\n<ul>\n<li class=\"entry-title\"><a style=\"text-decoration: none;\" href=\"http:\/\/www.weichei.co.at\/wp\/?page_id=122\">Anton\u2019s Fit und Stark<\/a><\/li>\n<li class=\"entry-title\"><a style=\"text-decoration: none;\" href=\"http:\/\/www.weichei.co.at\/wp\/?page_id=124\">Babette&#8217;s Relax<\/a><\/li>\n<li class=\"entry-title\"><a style=\"text-decoration: none;\" href=\"http:\/\/www.weichei.co.at\/wp\/?page_id=126\">Otto&#8217;s Milbenheld<\/a><\/li>\n<li class=\"entry-title\"><a style=\"text-decoration: none;\" href=\"http:\/\/www.weichei.co.at\/wp\/?page_id=128\">Poldi&#8217;s Atemfrei<\/a><\/li>\n<li class=\"entry-title\"><a style=\"text-decoration: none;\" href=\"http:\/\/www.weichei.co.at\/wp\/?page_id=280\">Benjamin&#8217;s Baby Boost<\/a><\/li>\n<li class=\"entry-title\"><a style=\"text-decoration: none;\" href=\"http:\/\/www.weichei.co.at\/wp\/?page_id=285\">Isolde&#8217;s Wachtelfein<\/a><\/li>\n<li class=\"entry-title\"><a style=\"text-decoration: none;\" href=\"http:\/\/www.weichei.co.at\/wp\/?page_id=425\">HYBRID \u2013 new life<\/a><\/li>\n<\/ul>\n","protected":false},"excerpt":{"rendered":"<p>Aus regionaler b\u00e4uerlicher Produktion &#8211; best of heimisches Getreide Entwickelt mit Gefl\u00fcgeltier\u00e4rztinnen und Z\u00fcchterInnen &#8211; rundum versorgt Rezepturen zur Unterst\u00fctzung der Vitalit\u00e4t und Gesundheit &#8211; so lebt es sich gut! Extra Plus: Hofeigene Kr\u00e4uter und Gew\u00fcrze in jeder Rezeptur &#8211; Natur PUR Abpackungen auch f\u00fcr kleine Herden &#8211; leicht zu transportieren Produziert mit Liebe und [&hellip;]<\/p>\n","protected":false},"author":1,"featured_media":0,"parent":0,"menu_order":0,"comment_status":"closed","ping_status":"closed","template":"","meta":[],"_links":{"self":[{"href":"http:\/\/www.weichei.co.at\/wp\/index.php?rest_route=\/wp\/v2\/pages\/88"}],"collection":[{"href":"http:\/\/www.weichei.co.at\/wp\/index.php?rest_route=\/wp\/v2\/pages"}],"about":[{"href":"http:\/\/www.weichei.co.at\/wp\/index.php?rest_route=\/wp\/v2\/types\/page"}],"author":[{"embeddable":true,"href":"http:\/\/www.weichei.co.at\/wp\/index.php?rest_route=\/wp\/v2\/users\/1"}],"replies":[{"embeddable":true,"href":"http:\/\/www.weichei.co.at\/wp\/index.php?rest_route=%2Fwp%2Fv2%2Fcomments&post=88"}],"version-history":[{"count":17,"href":"http:\/\/www.weichei.co.at\/wp\/index.php?rest_route=\/wp\/v2\/pages\/88\/revisions"}],"predecessor-version":[{"id":429,"href":"http:\/\/www.weichei.co.at\/wp\/index.php?rest_route=\/wp\/v2\/pages\/88\/revisions\/429"}],"wp:attachment":[{"href":"http:\/\/www.weichei.co.at\/wp\/index.php?rest_route=%2Fwp%2Fv2%2Fmedia&parent=88"}],"curies":[{"name":"wp","href":"https:\/\/api.w.org\/{rel}","templated":true}]}}