{"id":7,"date":"2017-01-23T19:35:31","date_gmt":"2017-01-23T18:35:31","guid":{"rendered":"http:\/\/www.weichei.co.at\/wp\/?page_id=7"},"modified":"2025-01-03T14:29:49","modified_gmt":"2025-01-03T13:29:49","slug":"startseite","status":"publish","type":"page","link":"http:\/\/www.weichei.co.at\/wp\/","title":{"rendered":"WEICHEI"},"content":{"rendered":"<h2><em>Sch\u00f6n, dass Du uns besuchst!<\/em><\/h2>\n<p>Du liebst Deine Flauschepopos? Uns geht es genau so&#8230; Deshalb verarbeiten wir unser naturbelassenes Getreide angereichert mit hofeigenen Kr\u00e4utern zu bestem H\u00fchnerfutter auf dem Perndlhof im idyllischen Mostviertel.<\/p>\n<p>Klick Dich durch die Sorten und lass Deine gefiederten Freunde entscheiden, welches Rezept am Besten schmeckt. Unsere Futtermischungen sind vollwertige Alleinfuttermitteln und f\u00fcr die Bed\u00fcrfnisse von Rasse &#8211; und Familienh\u00fchnern zugeschnitten. Solltest du junge Hybridtiere halten, so bist Du mit herk\u00f6mmlichem Legehennenfutter und Mastgefl\u00fcgelfutter gut aufgehoben. Gibst du geretteten Alth\u00fchnern eine 2. Chance: F\u00fcttere direkt nach dem Einzug bei Dir unser Hybrid &#8211; new life. Nach ein paar Wochen kannst Du gern auf unsere anderen Futtersorten umsteigen.<\/p>\n<p>Hier noch ein paar Tipps f\u00fcr H\u00fchnerfans:<\/p>\n<p>M\u00f6chtest Du einmal einen Ausflug machen? Auf diesem tollen Therapiehof leben nicht nur h\u00fcbsche H\u00fchner, sondern auch gl\u00fcckliche: Sie bekommen unser WEICHEI Futter zu fressen;-)<\/p>\n<p><a href=\"https:\/\/www.esperanza.at\/de\/03_tiere\/huehner.html\">https:\/\/www.esperanza.at\/de\/03_tiere\/huehner.html<\/a><\/p>\n<p>Hast Du Lust auf tierisch tolle Erlebnisse? Andrea arbeitet mit H\u00fchnern und Schafen und hat spannende Angebote. Klar, dass Ihre Pippihenderl auch WEICHEI bekommen: <a href=\"https:\/\/powermaehdels.jimdofree.com\/links\/\">Links &#8211; Powerm\u00e4hdels- mit Schafen unterwegs (jimdofree.com)<\/a><\/p>\n<p><strong>Ganz neu 2025<\/strong>: Eine neue Rasse hat Einzug gehalten: Das Bresse Gaulois Huhn! Wir haben uns in dieses franz\u00f6sische Huhn verliebt: Wundersch\u00f6ne wei\u00dfe Tiere mit bl\u00e4ulichen F\u00fc\u00dfen, ruhig und zahm im Charakter &#8211; Ein Traum!<\/p>\n<p>Wenn Du Fragen hast oder gerne beraten werden m\u00f6chtest: Nichts lieber als das!<\/p>\n<p>Schick uns einfach eine <a href=\"http:\/\/www.weichei.co.at\/wp\/?page_id=67\">Mail<\/a>, wir helfen Dir gerne weiter.<\/p>\n<p><em>Deine h\u00fchnerverr\u00fcckte Familie Perndl<\/em><\/p>\n<p>P.S.: Ihr habt es sicher alle gesp\u00fcrt: Alles ist teurer geworden. Wir haben es bis dato geschafft s\u00e4mtliche Mehrkosten zu \u00fcbernehmen, nun sind wir aber leider an dem Punkt angelangt, an dem wir das nicht mehr schaffen. Daher mussten wir unsere Preise geringf\u00fcgig anpassen und hoffen sehr auf Euer Verst\u00e4ndnis!<\/p>\n<p>Schreib uns einfach eine<a href=\"http:\/\/www.weichei.co.at\/wp\/?page_id=67\"> Mail<\/a>, wir geben unser Bestes!<\/p>\n","protected":false},"excerpt":{"rendered":"<p>Sch\u00f6n, dass Du uns besuchst! Du liebst Deine Flauschepopos? Uns geht es genau so&#8230; Deshalb verarbeiten wir unser naturbelassenes Getreide angereichert mit hofeigenen Kr\u00e4utern zu bestem H\u00fchnerfutter auf dem Perndlhof im idyllischen Mostviertel. Klick Dich durch die Sorten und lass Deine gefiederten Freunde entscheiden, welches Rezept am Besten schmeckt. Unsere Futtermischungen sind vollwertige Alleinfuttermitteln und [&hellip;]<\/p>\n","protected":false},"author":1,"featured_media":0,"parent":0,"menu_order":0,"comment_status":"closed","ping_status":"closed","template":"","meta":[],"_links":{"self":[{"href":"http:\/\/www.weichei.co.at\/wp\/index.php?rest_route=\/wp\/v2\/pages\/7"}],"collection":[{"href":"http:\/\/www.weichei.co.at\/wp\/index.php?rest_route=\/wp\/v2\/pages"}],"about":[{"href":"http:\/\/www.weichei.co.at\/wp\/index.php?rest_route=\/wp\/v2\/types\/page"}],"author":[{"embeddable":true,"href":"http:\/\/www.weichei.co.at\/wp\/index.php?rest_route=\/wp\/v2\/users\/1"}],"replies":[{"embeddable":true,"href":"http:\/\/www.weichei.co.at\/wp\/index.php?rest_route=%2Fwp%2Fv2%2Fcomments&post=7"}],"version-history":[{"count":32,"href":"http:\/\/www.weichei.co.at\/wp\/index.php?rest_route=\/wp\/v2\/pages\/7\/revisions"}],"predecessor-version":[{"id":555,"href":"http:\/\/www.weichei.co.at\/wp\/index.php?rest_route=\/wp\/v2\/pages\/7\/revisions\/555"}],"wp:attachment":[{"href":"http:\/\/www.weichei.co.at\/wp\/index.php?rest_route=%2Fwp%2Fv2%2Fmedia&parent=7"}],"curies":[{"name":"wp","href":"https:\/\/api.w.org\/{rel}","templated":true}]}}