{"id":67,"date":"2017-01-23T20:13:58","date_gmt":"2017-01-23T19:13:58","guid":{"rendered":"http:\/\/www.weichei.co.at\/wp\/?page_id=67"},"modified":"2023-07-02T15:09:22","modified_gmt":"2023-07-02T13:09:22","slug":"kont","status":"publish","type":"page","link":"http:\/\/www.weichei.co.at\/wp\/?page_id=67","title":{"rendered":"Impressum"},"content":{"rendered":"<p>Weichei &#8211; Hendlgl\u00fcck vom Perndlhof<br \/>\nDr. Andreas Fuchs<br \/>\nLampersberg 5<br \/>\n3314 Strengberg<br \/>\n<a style=\"text-decoration: none;\" href=\"mailto:futter@weichei.co.at\">futter@weichei.co.at<\/a><\/p>\n<p><strong>Haftungshinweis:<\/strong> Trotz sorgf\u00e4ltiger inhaltlicher Kontrolle \u00fcbernehmen wir keine Haftung f\u00fcr Inhalte externer Links.\u00a0F\u00fcr die Inhalte der verlinkten Seiten sind ausschlie\u00dflich deren Betreiber verantwortlich.<\/p>\n<p>Fotographie: <a style=\"text-decoration: none;\" href=\"http:\/\/schwarz-koenig.at\/\" target=\"_blank\" rel=\"noopener\">Doris Schwarz-K\u00f6nig<\/a><br \/>\nWebdesign &amp; Gestaltung: <a style=\"text-decoration: none;\" href=\"https:\/\/www.apricon.at\/\" target=\"_blank\" rel=\"noopener\">apricon GmbH<\/a><\/p>\n","protected":false},"excerpt":{"rendered":"<p>Weichei &#8211; Hendlgl\u00fcck vom Perndlhof Dr. Andreas Fuchs Lampersberg 5 3314 Strengberg futter@weichei.co.at Haftungshinweis: Trotz sorgf\u00e4ltiger inhaltlicher Kontrolle \u00fcbernehmen wir keine Haftung f\u00fcr Inhalte externer Links.\u00a0F\u00fcr die Inhalte der verlinkten Seiten sind ausschlie\u00dflich deren Betreiber verantwortlich. Fotographie: Doris Schwarz-K\u00f6nig Webdesign &amp; Gestaltung: apricon GmbH<\/p>\n","protected":false},"author":1,"featured_media":0,"parent":0,"menu_order":0,"comment_status":"closed","ping_status":"closed","template":"","meta":[],"_links":{"self":[{"href":"http:\/\/www.weichei.co.at\/wp\/index.php?rest_route=\/wp\/v2\/pages\/67"}],"collection":[{"href":"http:\/\/www.weichei.co.at\/wp\/index.php?rest_route=\/wp\/v2\/pages"}],"about":[{"href":"http:\/\/www.weichei.co.at\/wp\/index.php?rest_route=\/wp\/v2\/types\/page"}],"author":[{"embeddable":true,"href":"http:\/\/www.weichei.co.at\/wp\/index.php?rest_route=\/wp\/v2\/users\/1"}],"replies":[{"embeddable":true,"href":"http:\/\/www.weichei.co.at\/wp\/index.php?rest_route=%2Fwp%2Fv2%2Fcomments&post=67"}],"version-history":[{"count":10,"href":"http:\/\/www.weichei.co.at\/wp\/index.php?rest_route=\/wp\/v2\/pages\/67\/revisions"}],"predecessor-version":[{"id":521,"href":"http:\/\/www.weichei.co.at\/wp\/index.php?rest_route=\/wp\/v2\/pages\/67\/revisions\/521"}],"wp:attachment":[{"href":"http:\/\/www.weichei.co.at\/wp\/index.php?rest_route=%2Fwp%2Fv2%2Fmedia&parent=67"}],"curies":[{"name":"wp","href":"https:\/\/api.w.org\/{rel}","templated":true}]}}