{"id":474,"date":"2020-10-20T11:13:46","date_gmt":"2020-10-20T09:13:46","guid":{"rendered":"http:\/\/www.weichei.co.at\/wp\/?page_id=474"},"modified":"2025-01-03T14:51:24","modified_gmt":"2025-01-03T13:51:24","slug":"huebsche-hendl-vom-perndlhof","status":"publish","type":"page","link":"http:\/\/www.weichei.co.at\/wp\/?page_id=474","title":{"rendered":"H\u00fcbsche Hendl vom Perndlhof"},"content":{"rendered":"\n<p><em>Robuste Rassetiere f\u00fcr Hendlfans &#8211; made with love<\/em><\/p>\n\n\n\n<p>Seit Generationen halten wir am Perndlhof H\u00fchner. Jungb\u00e4uerin Beate hat sich voll und ganz der Zucht besonderer H\u00fchnerrassen verschrieben. So leben Sulmtaler, Ayam Cemani, Struppis, Altsteirer, Marans, Bresseh\u00fchner, Zwergk\u00e4mpfer, Seidis, Araucaner, Appenzeller Spitzhauben und imposante Brahma H\u00fchner in bunter Eintracht.<\/p>\n\n\n\n<p>In unserem nagelneuen vollautomatischen Heka Brutapparat schlupft mehrmals im Jahr der Nachwuchs unserer Tiere. Sobald es die Witterung zul\u00e4sst ziehen die Jungtiere ins Freiland und werden regelm\u00e4\u00dfig von unseren beiden Nachbarm\u00e4dels und unseren Hofhunden Peppi und Hera besucht. Zu fressen gibt es neben hart gekochtem Ei vermischt mit Kr\u00e4utern unser Benjamin\u00b4s Baby Boost. \u00dcbers Trinkwasser werden abwechselnd Tee und verschiedene Mineral- und Vitaminerg\u00e4nzer verabreicht.<\/p>\n\n\n\n<p>Ein sinnvolles Impfprogramm (u.a. gegen die Marek\u00b4sche H\u00fchnerl\u00e4hme und Kokzidiose), mehrfache Salmonellentests und routinem\u00e4\u00dfige Kotuntersuchungen runden eine gute Aufzucht ab.<\/p>\n\n\n\n<p>Auf unserer facebook Seite findet Ihr aktuelle Bilder unserer Tiere. Gerne k\u00f6nnt Ihr uns auch mailen: <a href=\"mailto:futter@weichei.co.at\">futter@weichei.co.at<\/a><\/p>\n\n\n\n<p>H\u00fchnerfreunde, die robuste Rasse- und Rassemixe zum Liebhaben suchen, finden sicher bei uns die passenden Gef\u00e4hrten. <\/p>\n\n\n\n<p>Gute Nachrichten: Ab 2025 haben wir wieder einige Jungtiere zur Vergabe frei! Gerne nehmen wir Vorbestellungen f\u00fcr 2025 entgegen. Nach Absprache ist die Abgabe von Bruteiern laufend m\u00f6glich. Erh\u00e4ltlich sind: Bressegauloiseh\u00e4hne (reinrassig), Maransh\u00e4hne (reinrassig), Seidenh\u00e4hne (reinrassig), Struppis (H\u00e4hne und Hennen), Rassemixe (Hennen und H\u00e4hne). Weitere Tiere auf Nachfrage.<\/p>\n\n\n\n<p>Je nach Alter und Rasse (mixe) belaufen sich die Kosten zwischen 45-90\u20ac pro Tier. Um eine 99,9%ige Sicherheit bez\u00fcglich des Geschlechts der Tiere (bes. bei Jungtieren relevant) zu bekommen, bieten wir optional eine DNA Untersuchung um 35\u20ac\/Tier an. Wir bitten um Verst\u00e4ndnis: Aufgrund unseres Bio Sicherheitskonzeptes k\u00f6nnen wir keine H\u00e4hne retour nehmen!<\/p>\n\n\n\n<p><strong>Ganz NEU 2025<\/strong>: Leider finden nicht alle unsere Jungh\u00e4hne einen guten Platz. Daher m\u00fcssen auch wir einige m\u00e4nnliche Nachkommen schlachten. Wir halten heuer erstmals Rassetiere vom Bresse Gauloise Huhn. Diese Zweinutzungsrasse gilt als Gourmethuhn und liefert vorz\u00fcgliches Fleisch. Wenn Du mehr \u00fcber diese Rasse erfahren oder eine Poularde bestellen m\u00f6chtest, schau mal auf der Seite unseres Partnerbetriebs Katharina und Patrick K&amp;P Hendlhof vorbei: <a rel=\"noreferrer noopener\" href=\"https:\/\/www.hendlhof.farm\/\" target=\"_blank\">https:\/\/www.hendlhof.farm\/<\/a><\/p>\n","protected":false},"excerpt":{"rendered":"<p>Robuste Rassetiere f\u00fcr Hendlfans &#8211; made with love Seit Generationen halten wir am Perndlhof H\u00fchner. Jungb\u00e4uerin Beate hat sich voll und ganz der Zucht besonderer H\u00fchnerrassen verschrieben. So leben Sulmtaler, Ayam Cemani, Struppis, Altsteirer, Marans, Bresseh\u00fchner, Zwergk\u00e4mpfer, Seidis, Araucaner, Appenzeller Spitzhauben und imposante Brahma H\u00fchner in bunter Eintracht. In unserem nagelneuen vollautomatischen Heka Brutapparat schlupft [&hellip;]<\/p>\n","protected":false},"author":1,"featured_media":475,"parent":0,"menu_order":0,"comment_status":"closed","ping_status":"closed","template":"","meta":[],"_links":{"self":[{"href":"http:\/\/www.weichei.co.at\/wp\/index.php?rest_route=\/wp\/v2\/pages\/474"}],"collection":[{"href":"http:\/\/www.weichei.co.at\/wp\/index.php?rest_route=\/wp\/v2\/pages"}],"about":[{"href":"http:\/\/www.weichei.co.at\/wp\/index.php?rest_route=\/wp\/v2\/types\/page"}],"author":[{"embeddable":true,"href":"http:\/\/www.weichei.co.at\/wp\/index.php?rest_route=\/wp\/v2\/users\/1"}],"replies":[{"embeddable":true,"href":"http:\/\/www.weichei.co.at\/wp\/index.php?rest_route=%2Fwp%2Fv2%2Fcomments&post=474"}],"version-history":[{"count":4,"href":"http:\/\/www.weichei.co.at\/wp\/index.php?rest_route=\/wp\/v2\/pages\/474\/revisions"}],"predecessor-version":[{"id":557,"href":"http:\/\/www.weichei.co.at\/wp\/index.php?rest_route=\/wp\/v2\/pages\/474\/revisions\/557"}],"wp:featuredmedia":[{"embeddable":true,"href":"http:\/\/www.weichei.co.at\/wp\/index.php?rest_route=\/wp\/v2\/media\/475"}],"wp:attachment":[{"href":"http:\/\/www.weichei.co.at\/wp\/index.php?rest_route=%2Fwp%2Fv2%2Fmedia&parent=474"}],"curies":[{"name":"wp","href":"https:\/\/api.w.org\/{rel}","templated":true}]}}