{"id":285,"date":"2017-05-28T18:10:37","date_gmt":"2017-05-28T16:10:37","guid":{"rendered":"http:\/\/www.weichei.co.at\/wp\/?page_id=285"},"modified":"2018-09-14T11:46:35","modified_gmt":"2018-09-14T09:46:35","slug":"isoldes-wachtelfein","status":"publish","type":"page","link":"http:\/\/www.weichei.co.at\/wp\/?page_id=285","title":{"rendered":"Isolde&#8217;s Wachtelfein"},"content":{"rendered":"<blockquote><p>&#8222;Isolde&#8217;s ber\u00fccksichtig die besonderen Bed\u00fcrfnisse von Wachteln im Bezug auf den Eiwei\u00df- und Mineralstoffgehalt. Je nach Vorliebe bieten wir das Futter fein gemahlen oder grob geschrotet an.&#8220;<\/p>\n<p>Jungbauer Hannes, unser Design- und Marketingexperte<\/p><\/blockquote>\n<p>&nbsp;<\/p>\n<p>H\u00e4ufig werden Wachteln nicht ausreichend und ausgewogen ern\u00e4hrt und bekommen dadurch gesundheitliche Probleme. Darum war es uns ein gro\u00dfes Anliegen auch f\u00fcr diese &#8222;Miniaturpippis&#8220; ein artgerechtes Alleinfutter zu kreieren. Wir mischen besonders viel Oregano dazu, das unterst\u00fctzt die Freunde beim Kampf gegen die gef\u00fcrchteten Kokzidien.<\/p>\n<p><img decoding=\"async\" loading=\"lazy\" class=\"aligncenter size-full wp-image-290\" src=\"http:\/\/www.weichei.co.at\/wp\/wp-content\/uploads\/2017\/05\/isolde.jpg\" alt=\"\" width=\"646\" height=\"839\" srcset=\"http:\/\/www.weichei.co.at\/wp\/wp-content\/uploads\/2017\/05\/isolde.jpg 646w, http:\/\/www.weichei.co.at\/wp\/wp-content\/uploads\/2017\/05\/isolde-231x300.jpg 231w\" sizes=\"(max-width: 646px) 100vw, 646px\" \/><\/p>\n","protected":false},"excerpt":{"rendered":"<p>&#8222;Isolde&#8217;s ber\u00fccksichtig die besonderen Bed\u00fcrfnisse von Wachteln im Bezug auf den Eiwei\u00df- und Mineralstoffgehalt. Je nach Vorliebe bieten wir das Futter fein gemahlen oder grob geschrotet an.&#8220; Jungbauer Hannes, unser Design- und Marketingexperte &nbsp; H\u00e4ufig werden Wachteln nicht ausreichend und ausgewogen ern\u00e4hrt und bekommen dadurch gesundheitliche Probleme. Darum war es uns ein gro\u00dfes Anliegen auch [&hellip;]<\/p>\n","protected":false},"author":1,"featured_media":0,"parent":0,"menu_order":0,"comment_status":"closed","ping_status":"closed","template":"","meta":[],"_links":{"self":[{"href":"http:\/\/www.weichei.co.at\/wp\/index.php?rest_route=\/wp\/v2\/pages\/285"}],"collection":[{"href":"http:\/\/www.weichei.co.at\/wp\/index.php?rest_route=\/wp\/v2\/pages"}],"about":[{"href":"http:\/\/www.weichei.co.at\/wp\/index.php?rest_route=\/wp\/v2\/types\/page"}],"author":[{"embeddable":true,"href":"http:\/\/www.weichei.co.at\/wp\/index.php?rest_route=\/wp\/v2\/users\/1"}],"replies":[{"embeddable":true,"href":"http:\/\/www.weichei.co.at\/wp\/index.php?rest_route=%2Fwp%2Fv2%2Fcomments&post=285"}],"version-history":[{"count":3,"href":"http:\/\/www.weichei.co.at\/wp\/index.php?rest_route=\/wp\/v2\/pages\/285\/revisions"}],"predecessor-version":[{"id":385,"href":"http:\/\/www.weichei.co.at\/wp\/index.php?rest_route=\/wp\/v2\/pages\/285\/revisions\/385"}],"wp:attachment":[{"href":"http:\/\/www.weichei.co.at\/wp\/index.php?rest_route=%2Fwp%2Fv2%2Fmedia&parent=285"}],"curies":[{"name":"wp","href":"https:\/\/api.w.org\/{rel}","templated":true}]}}