{"id":257,"date":"2017-02-26T21:12:16","date_gmt":"2017-02-26T20:12:16","guid":{"rendered":"http:\/\/www.weichei.co.at\/wp\/?page_id=257"},"modified":"2024-08-08T15:51:53","modified_gmt":"2024-08-08T13:51:53","slug":"shop","status":"publish","type":"page","link":"http:\/\/www.weichei.co.at\/wp\/?page_id=257","title":{"rendered":"Herzlich Willkommen in unserem Hofshop"},"content":{"rendered":"<p>Nur mehr 5 Hennen im Stall !!! Streng limitiert gibt es <strong>supers\u00fc\u00dfe H\u00e4kelhennen<\/strong> als Anh\u00e4nger: Made by Gerti um 6\u20ac\/St\u00fcck. Ihr k\u00f6nnt uns gern Eure Farbw\u00fcnsche in den Anmerkungen notierten. (Bitte auch Alternativen angeben)<\/p>\n<p>Zur Unterst\u00fctzung gegen die Rote Vogelmilbe haben wir einen <strong>Kr\u00e4utertrunk<\/strong> gebraut. Wenn Du diesen Trunk f\u00fcr Deine H\u00fchner m\u00f6chtest, schreib uns dies bitte einfach zu Deiner Bestellung dazu (Kosten: 3,00 \u20ac pro Tier). Vergiss nicht uns die Anzahl Deiner Pippis zu nennen! Zus\u00e4tzlich empfehlen wir Dir als Alleinfuttermittel Otto&#8217;s Milbenheld.<\/p>\n<p>Fallweise f\u00fcllen wir unser Futter auch in 25kg S\u00e4cken ab. Wenn Du Interesse an solch gro\u00dfen Gebinden hast, schreib uns gern eine Mail: futter@weichei.co.at<\/p>\n\n<div class=\"wpcf7 no-js\" id=\"wpcf7-f256-o1\" lang=\"de-DE\" dir=\"ltr\">\n<div class=\"screen-reader-response\"><p role=\"status\" aria-live=\"polite\" aria-atomic=\"true\"><\/p> <ul><\/ul><\/div>\n<form action=\"\/wp\/index.php?rest_route=%2Fwp%2Fv2%2Fpages%2F257#wpcf7-f256-o1\" method=\"post\" class=\"wpcf7-form init\" aria-label=\"Kontaktformular\" novalidate=\"novalidate\" data-status=\"init\">\n<div style=\"display: none;\">\n<input type=\"hidden\" name=\"_wpcf7\" value=\"256\" \/>\n<input type=\"hidden\" name=\"_wpcf7_version\" value=\"5.7.7\" \/>\n<input type=\"hidden\" name=\"_wpcf7_locale\" value=\"de_DE\" \/>\n<input type=\"hidden\" name=\"_wpcf7_unit_tag\" value=\"wpcf7-f256-o1\" \/>\n<input type=\"hidden\" name=\"_wpcf7_container_post\" value=\"0\" \/>\n<input type=\"hidden\" name=\"_wpcf7_posted_data_hash\" value=\"\" \/>\n<\/div>\n<p><span class=\"wpcf7-form-control-wrap\" data-name=\"ihr-name\"><input size=\"35\" class=\"wpcf7-form-control wpcf7-text wpcf7-validates-as-required\" aria-required=\"true\" aria-invalid=\"false\" placeholder=\"Ihr Name\" value=\"\" type=\"text\" name=\"ihr-name\" \/><\/span>\n<\/p>\n<p><span class=\"wpcf7-form-control-wrap\" data-name=\"ihre-email\"><input size=\"35\" class=\"wpcf7-form-control wpcf7-text wpcf7-email wpcf7-validates-as-required wpcf7-validates-as-email\" aria-required=\"true\" aria-invalid=\"false\" placeholder=\"Ihre E-Mail-Adresse\" value=\"\" type=\"email\" name=\"ihre-email\" \/><\/span>\n<\/p>\n<p><span class=\"wpcf7-form-control-wrap\" data-name=\"ihre-tel\"><input size=\"50\" class=\"wpcf7-form-control wpcf7-text wpcf7-tel wpcf7-validates-as-required wpcf7-validates-as-tel\" aria-required=\"true\" aria-invalid=\"false\" placeholder=\"Ihre Telefonnummer\" value=\"\" type=\"tel\" name=\"ihre-tel\" \/><\/span>\n<\/p>\n<p><span class=\"wpcf7-form-control-wrap\" data-name=\"text-strasse\"><input size=\"35\" class=\"wpcf7-form-control wpcf7-text\" aria-invalid=\"false\" placeholder=\"Stra\u00dfe\" value=\"\" type=\"text\" name=\"text-strasse\" \/><\/span><span class=\"wpcf7-form-control-wrap\" data-name=\"text-hausnr\"><input size=\"10\" class=\"wpcf7-form-control wpcf7-text\" aria-invalid=\"false\" placeholder=\"Hausnummer\" value=\"\" type=\"text\" name=\"text-hausnr\" \/><\/span><br \/>\n<span class=\"wpcf7-form-control-wrap\" data-name=\"text-plz\"><input size=\"10\" class=\"wpcf7-form-control wpcf7-text\" aria-invalid=\"false\" placeholder=\"PLZ\" value=\"\" type=\"text\" name=\"text-plz\" \/><\/span><span class=\"wpcf7-form-control-wrap\" data-name=\"text-ort\"><input size=\"35\" class=\"wpcf7-form-control wpcf7-text\" aria-invalid=\"false\" placeholder=\"Ort\" value=\"\" type=\"text\" name=\"text-ort\" \/><\/span><br \/>\n<span class=\"wpcf7-form-control-wrap\" data-name=\"text-land\"><input size=\"35\" class=\"wpcf7-form-control wpcf7-text\" aria-invalid=\"false\" placeholder=\"Land\" value=\"\" type=\"text\" name=\"text-land\" \/><\/span>\n<\/p>\n<p><span class=\"wpcf7-form-control-wrap\" data-name=\"radio-art\"><span class=\"wpcf7-form-control wpcf7-radio\"><span class=\"wpcf7-list-item first\"><input type=\"radio\" name=\"radio-art\" value=\"Selbstabholung in Seitenstetten (kostenlos, nur Barzahlung)\" checked=\"checked\" \/><span class=\"wpcf7-list-item-label\">Selbstabholung in Seitenstetten (kostenlos, nur Barzahlung)<\/span><\/span><span class=\"wpcf7-list-item\"><input type=\"radio\" name=\"radio-art\" value=\"Selbstabholung in Strengberg (kostenlos, nur Barzahlung)\" \/><span class=\"wpcf7-list-item-label\">Selbstabholung in Strengberg (kostenlos, nur Barzahlung)<\/span><\/span><span class=\"wpcf7-list-item last\"><input type=\"radio\" name=\"radio-art\" value=\"Post-Versand (ab 8,00 \u20ac - je nach Gewicht, Vorab\u00fcberweisung)\" \/><span class=\"wpcf7-list-item-label\">Post-Versand (ab 8,00 \u20ac - je nach Gewicht, Vorab\u00fcberweisung)<\/span><\/span><\/span><\/span>\n<\/p>\n<p>Auswahl der gew\u00fcnschten Produkte:\n<\/p>\n<p>Anton's Fit und Stark (17,00 \u20ac je Sack) <span class=\"wpcf7-form-control-wrap\" data-name=\"menu-1\"><select class=\"wpcf7-form-control wpcf7-select\" aria-invalid=\"false\" name=\"menu-1\"><option value=\"0\">0<\/option><option value=\"1 x 10 kg\">1 x 10 kg<\/option><option value=\"2 x 10 kg\">2 x 10 kg<\/option><option value=\"3 x 10 kg\">3 x 10 kg<\/option><\/select><\/span><br \/>\nBabette's Relax (17,00 \u20ac je Sack) <span class=\"wpcf7-form-control-wrap\" data-name=\"menu-2\"><select class=\"wpcf7-form-control wpcf7-select\" aria-invalid=\"false\" name=\"menu-2\"><option value=\"0\">0<\/option><option value=\"1 x 10 kg\">1 x 10 kg<\/option><option value=\"2 x 10 kg\">2 x 10 kg<\/option><option value=\"3 x 10 kg\">3 x 10 kg<\/option><\/select><\/span><br \/>\nOtto's Milbenheld (17,00 \u20ac je Sack) <span class=\"wpcf7-form-control-wrap\" data-name=\"menu-3\"><select class=\"wpcf7-form-control wpcf7-select\" aria-invalid=\"false\" name=\"menu-3\"><option value=\"0\">0<\/option><option value=\"1 x 10 kg\">1 x 10 kg<\/option><option value=\"2 x 10 kg\">2 x 10 kg<\/option><option value=\"3 x 10 kg\">3 x 10 kg<\/option><\/select><\/span><br \/>\nPoldi's Atemfrei (17,00 \u20ac je Sack) <span class=\"wpcf7-form-control-wrap\" data-name=\"menu-4\"><select class=\"wpcf7-form-control wpcf7-select\" aria-invalid=\"false\" name=\"menu-4\"><option value=\"0\">0<\/option><option value=\"1 x 10 kg\">1 x 10 kg<\/option><option value=\"2 x 10 kg\">2 x 10 kg<\/option><option value=\"3 x 10 kg\">3 x 10 kg<\/option><\/select><\/span><br \/>\nBenjamin's Baby Boost (17,00 \u20ac je Sack) <span class=\"wpcf7-form-control-wrap\" data-name=\"menu-5\"><select class=\"wpcf7-form-control wpcf7-select\" aria-invalid=\"false\" name=\"menu-5\"><option value=\"0\">0<\/option><option value=\"1 x 7 kg\">1 x 7 kg<\/option><option value=\"2 x 7 kg\">2 x 7 kg<\/option><option value=\"3 x 7 kg\">3 x 7 kg<\/option><\/select><\/span><br \/>\nIsolde's Wachtelfein (17,00 \u20ac je Sack) <span class=\"wpcf7-form-control-wrap\" data-name=\"menu-6\"><select class=\"wpcf7-form-control wpcf7-select\" aria-invalid=\"false\" name=\"menu-6\"><option value=\"0\">0<\/option><option value=\"1 x 7 kg\">1 x 7 kg<\/option><option value=\"2 x 7 kg\">2 x 7 kg<\/option><option value=\"3 x 7 kg\">3 x 7 kg<\/option><\/select><\/span><br \/>\nHYBRID \u2013 new life (17,00 \u20ac je Sack) <span class=\"wpcf7-form-control-wrap\" data-name=\"menu-7\"><select class=\"wpcf7-form-control wpcf7-select\" aria-invalid=\"false\" name=\"menu-7\"><option value=\"0\">0<\/option><option value=\"1 x 8 kg (fein)\">1 x 8 kg (fein)<\/option><option value=\"2 x 8 kg (fein)\">2 x 8 kg (fein)<\/option><option value=\"3 x 8 kg (fein)\">3 x 8 kg (fein)<\/option><option value=\"1 x 8 kg (grob)\">1 x 8 kg (grob)<\/option><option value=\"2 x 8 kg (grob)\">2 x 8 kg (grob)<\/option><option value=\"3 x 8 kg (grob)\">3 x 8 kg (grob)<\/option><\/select><\/span><br \/>\nTraudi's Feinstes - Leckerlimix mit handgen\u00e4hter Stofftasche aus K\u00e4rnten AUSVERKAUFT! (19,90 \u20ac \/ Sackerl zu 1,5 kg) <span class=\"wpcf7-form-control-wrap\" data-name=\"menu-8\"><select class=\"wpcf7-form-control wpcf7-select\" aria-invalid=\"false\" name=\"menu-8\"><option value=\"0\">0<\/option><option value=\"1 x\">1 x<\/option><option value=\"2 x\">2 x<\/option><option value=\"3 x\">3 x<\/option><\/select><\/span><br \/>\nGrace's Feinstes - Leckerlimix mit handgen\u00e4hter Stofftasche aus Ruanda (19,90 \u20ac \/ Sackerl zu 1,5 kg) <span class=\"wpcf7-form-control-wrap\" data-name=\"menu-9\"><select class=\"wpcf7-form-control wpcf7-select\" aria-invalid=\"false\" name=\"menu-9\"><option value=\"0\">0<\/option><option value=\"1 x\">1 x<\/option><option value=\"2 x\">2 x<\/option><option value=\"3 x\">3 x<\/option><\/select><\/span><br \/>\nK\u00fchlspray f\u00fcr hei\u00dfe Sommertage (18,00 \u20ac \/ Spray) Hydrolat aus Lavendel, Minze und Kr\u00e4utern <span class=\"wpcf7-form-control-wrap\" data-name=\"menu-10\"><select class=\"wpcf7-form-control wpcf7-select\" aria-invalid=\"false\" name=\"menu-10\"><option value=\"0\">0<\/option><option value=\"1 x\">1 x<\/option><option value=\"2 x\">2 x<\/option><option value=\"3 x\">3 x<\/option><\/select><\/span><br \/>\nPflegesalbe f\u00fcr Schnupfnasen (16,00 \u20ac \/ Salbe, zur Pflege der Nasen\u00f6ffnung mit \u00e4therischen \u00d6len) <span class=\"wpcf7-form-control-wrap\" data-name=\"menu-11\"><select class=\"wpcf7-form-control wpcf7-select\" aria-invalid=\"false\" name=\"menu-11\"><option value=\"0\">0<\/option><option value=\"1 x\">1 x<\/option><option value=\"2 x\">2 x<\/option><option value=\"3 x\">3 x<\/option><\/select><\/span><br \/>\nSummerdrink zur optimalen Versorgung mit Elektrolyten und Vit C. (24 \u20ac \/ Drink) <span class=\"wpcf7-form-control-wrap\" data-name=\"menu-12\"><select class=\"wpcf7-form-control wpcf7-select\" aria-invalid=\"false\" name=\"menu-12\"><option value=\"0\">0<\/option><option value=\"1 x Duftrose\">1 x Duftrose<\/option><option value=\"1 x Mojitominze\">1 x Mojitominze<\/option><option value=\"1 x Sommerlavendel\">1 x Sommerlavendel<\/option><\/select><\/span><br \/>\nNestkr\u00e4uter mit Bergwiesenheu im Jutesack (19,90 \u20ac \/ Sack) <span class=\"wpcf7-form-control-wrap\" data-name=\"menu-13\"><select class=\"wpcf7-form-control wpcf7-select\" aria-invalid=\"false\" name=\"menu-13\"><option value=\"0\">0<\/option><option value=\"1 x\">1 x<\/option><option value=\"2 x\">2 x<\/option><option value=\"3 x\">3 x<\/option><\/select><\/span><br \/>\nTraumarolle f\u00fcr H\u00fchner (30,00 \u20ac \/ Rolle) <span class=\"wpcf7-form-control-wrap\" data-name=\"menu-14\"><select class=\"wpcf7-form-control wpcf7-select\" aria-invalid=\"false\" name=\"menu-14\"><option value=\"0\">0<\/option><option value=\"1 x\">1 x<\/option><option value=\"2 x\">2 x<\/option><option value=\"3 x\">3 x<\/option><\/select><\/span><br \/>\nH\u00fchnersattel S\/M\/L\/XL(18,00 \u20ac \/ St\u00fcck) <span class=\"wpcf7-form-control-wrap\" data-name=\"menu-15\"><select class=\"wpcf7-form-control wpcf7-select\" aria-invalid=\"false\" name=\"menu-15\"><option value=\"0\">0<\/option><option value=\"1 x\">1 x<\/option><option value=\"2 x\">2 x<\/option><option value=\"3 x\">3 x<\/option><\/select><\/span>\n<\/p>\n<p><span class=\"wpcf7-form-control-wrap\" data-name=\"your-message\"><textarea cols=\"40\" rows=\"10\" class=\"wpcf7-form-control wpcf7-textarea\" aria-invalid=\"false\" placeholder=\"Ihre Anmerkung zur Bestellung\" name=\"your-message\"><\/textarea><\/span>\n<\/p>\n<p><span class=\"wpcf7-form-control-wrap\" data-name=\"quiz-789\"><label><span class=\"wpcf7-quiz-label\">Anti-Spam-Frage: Wie lautet die Summe von 3 + 4<\/span> <input size=\"40\" class=\"wpcf7-form-control wpcf7-quiz\" autocomplete=\"off\" aria-required=\"true\" aria-invalid=\"false\" type=\"text\" name=\"quiz-789\" \/><\/label><input type=\"hidden\" name=\"_wpcf7_quiz_answer_quiz-789\" value=\"695f9ef94e72fc1ee0655b8f225db569\" \/><\/span>\n<\/p>\n<p><input class=\"wpcf7-form-control has-spinner wpcf7-submit\" type=\"submit\" value=\"Senden\" \/>\n<\/p><div class=\"wpcf7-response-output\" aria-hidden=\"true\"><\/div>\n<\/form>\n<\/div>\n\n","protected":false},"excerpt":{"rendered":"<p>Nur mehr 5 Hennen im Stall !!! Streng limitiert gibt es supers\u00fc\u00dfe H\u00e4kelhennen als Anh\u00e4nger: Made by Gerti um 6\u20ac\/St\u00fcck. Ihr k\u00f6nnt uns gern Eure Farbw\u00fcnsche in den Anmerkungen notierten. (Bitte auch Alternativen angeben) Zur Unterst\u00fctzung gegen die Rote Vogelmilbe haben wir einen Kr\u00e4utertrunk gebraut. Wenn Du diesen Trunk f\u00fcr Deine H\u00fchner m\u00f6chtest, schreib uns [&hellip;]<\/p>\n","protected":false},"author":1,"featured_media":524,"parent":0,"menu_order":0,"comment_status":"closed","ping_status":"closed","template":"","meta":[],"_links":{"self":[{"href":"http:\/\/www.weichei.co.at\/wp\/index.php?rest_route=\/wp\/v2\/pages\/257"}],"collection":[{"href":"http:\/\/www.weichei.co.at\/wp\/index.php?rest_route=\/wp\/v2\/pages"}],"about":[{"href":"http:\/\/www.weichei.co.at\/wp\/index.php?rest_route=\/wp\/v2\/types\/page"}],"author":[{"embeddable":true,"href":"http:\/\/www.weichei.co.at\/wp\/index.php?rest_route=\/wp\/v2\/users\/1"}],"replies":[{"embeddable":true,"href":"http:\/\/www.weichei.co.at\/wp\/index.php?rest_route=%2Fwp%2Fv2%2Fcomments&post=257"}],"version-history":[{"count":20,"href":"http:\/\/www.weichei.co.at\/wp\/index.php?rest_route=\/wp\/v2\/pages\/257\/revisions"}],"predecessor-version":[{"id":541,"href":"http:\/\/www.weichei.co.at\/wp\/index.php?rest_route=\/wp\/v2\/pages\/257\/revisions\/541"}],"wp:featuredmedia":[{"embeddable":true,"href":"http:\/\/www.weichei.co.at\/wp\/index.php?rest_route=\/wp\/v2\/media\/524"}],"wp:attachment":[{"href":"http:\/\/www.weichei.co.at\/wp\/index.php?rest_route=%2Fwp%2Fv2%2Fmedia&parent=257"}],"curies":[{"name":"wp","href":"https:\/\/api.w.org\/{rel}","templated":true}]}}