{"id":128,"date":"2017-02-21T18:57:57","date_gmt":"2017-02-21T17:57:57","guid":{"rendered":"http:\/\/www.weichei.co.at\/wp\/?page_id=128"},"modified":"2020-10-20T10:53:28","modified_gmt":"2020-10-20T08:53:28","slug":"poldi","status":"publish","type":"page","link":"http:\/\/www.weichei.co.at\/wp\/?page_id=128","title":{"rendered":"Poldi&#8217;s Atemfrei"},"content":{"rendered":"<blockquote>\n<p>&#8222;Eine alte Bauernregel besagt: Wenn der Holler bl\u00fcht gibt&#8217;s keine Eier und die H\u00fchner sind verk\u00fchlt. Wir setzen Poldi&#8217;s gern im Fr\u00fchjahr und im Herbst ein. Ein bunter Kr\u00e4uterstrau\u00df aus meinem Bauerngarten macht dieses Futter zu einem Genusserlebnis f\u00fcr Mensch und Tier.&#8220;<\/p>\n<p>Oma Poldi, Seniorchefin, Model und die gute Seele am Hof<\/p>\n<\/blockquote>\n<p>\u00a0<\/p>\n<p>Husten, Schnupfen, Appetitlosigkeit? Dieser wohlriechende Mix mit Oregano, Thymian und anderen Heilkr\u00e4utern\u00a0schmeckt besonders lecker, unterst\u00fctzt die Atmungsorgane und wirkt stimulierend auf die Verdauungsorgane.<\/p>\n<p>Quasi ein Verdauungsschnapserl f\u00fcr Deine H\u00fchner!<\/p>\n<p><img decoding=\"async\" loading=\"lazy\" class=\" wp-image-144 aligncenter\" src=\"http:\/\/www.weichei.co.at\/wp\/wp-content\/uploads\/2017\/02\/poldi_klein-724x1024.jpg\" alt=\"\" width=\"367\" height=\"519\" \/><\/p>\n\n\n<div style=\"text-align:left\" class=\"wp-block-fruitful-blocks-fruitful-alert ff fruitful_alert ff-alert-success ff-id-block-f8dad266-af99-4cd2-84bb-889b9d7056d0\"><i class=\"ff-icon\"><\/i><div>Zusammensetzung:<br>Mais, Weizen, Sojaextraktionsschrot HP, Calciumcarbonat, Sonnenblumenschrot, Gerste, Hafer, Apfeltrester, Sonnenblumen, Pflanzenfett, Monocalciumphosphat, Weizenkleie, Natrium-chlorid, DL-Methionin, Natriumbicarbonat; Kr\u00e4uter getrocknet, Thymian &#8211; und Oregano\u00f6l<\/div><a href=\"#\" class=\"ff-alert-dismiss\"><\/a><\/div>\n","protected":false},"excerpt":{"rendered":"<p>&#8222;Eine alte Bauernregel besagt: Wenn der Holler bl\u00fcht gibt&#8217;s keine Eier und die H\u00fchner sind verk\u00fchlt. Wir setzen Poldi&#8217;s gern im Fr\u00fchjahr und im Herbst ein. Ein bunter Kr\u00e4uterstrau\u00df aus meinem Bauerngarten macht dieses Futter zu einem Genusserlebnis f\u00fcr Mensch und Tier.&#8220; Oma Poldi, Seniorchefin, Model und die gute Seele am Hof \u00a0 Husten, Schnupfen, [&hellip;]<\/p>\n","protected":false},"author":1,"featured_media":0,"parent":0,"menu_order":0,"comment_status":"closed","ping_status":"closed","template":"","meta":[],"_links":{"self":[{"href":"http:\/\/www.weichei.co.at\/wp\/index.php?rest_route=\/wp\/v2\/pages\/128"}],"collection":[{"href":"http:\/\/www.weichei.co.at\/wp\/index.php?rest_route=\/wp\/v2\/pages"}],"about":[{"href":"http:\/\/www.weichei.co.at\/wp\/index.php?rest_route=\/wp\/v2\/types\/page"}],"author":[{"embeddable":true,"href":"http:\/\/www.weichei.co.at\/wp\/index.php?rest_route=\/wp\/v2\/users\/1"}],"replies":[{"embeddable":true,"href":"http:\/\/www.weichei.co.at\/wp\/index.php?rest_route=%2Fwp%2Fv2%2Fcomments&post=128"}],"version-history":[{"count":6,"href":"http:\/\/www.weichei.co.at\/wp\/index.php?rest_route=\/wp\/v2\/pages\/128\/revisions"}],"predecessor-version":[{"id":473,"href":"http:\/\/www.weichei.co.at\/wp\/index.php?rest_route=\/wp\/v2\/pages\/128\/revisions\/473"}],"wp:attachment":[{"href":"http:\/\/www.weichei.co.at\/wp\/index.php?rest_route=%2Fwp%2Fv2%2Fmedia&parent=128"}],"curies":[{"name":"wp","href":"https:\/\/api.w.org\/{rel}","templated":true}]}}