{"id":126,"date":"2017-02-21T18:57:21","date_gmt":"2017-02-21T17:57:21","guid":{"rendered":"http:\/\/www.weichei.co.at\/wp\/?page_id=126"},"modified":"2020-10-20T10:50:31","modified_gmt":"2020-10-20T08:50:31","slug":"otto","status":"publish","type":"page","link":"http:\/\/www.weichei.co.at\/wp\/?page_id=126","title":{"rendered":"Otto&#8217;s Milbenheld"},"content":{"rendered":"<blockquote>\n<p>&#8222;Wo H\u00fchner, da auch die Milbe! Durch jahreslanges Probieren haben wir einen Kr\u00e4uterextrakt gefunden, der unsere H\u00fchner gut bei der Abwehr unterst\u00fctzt. So konnten wir den Einsatz von Chemie deutlich reduzieren.&#8220;<\/p>\n<p>Perndlhofchef Andi, unser M\u00e4dchen f\u00fcr Alles quasi \ud83d\ude09<\/p>\n<\/blockquote>\n<p>\u00a0<\/p>\n<p>Die roten Plagegeister &#8211; Wer kennt sie nicht? Dieser Mix eignet sich zur Unterst\u00fctzung bei Befall mit der roten Vogelmilbe. Geheimtipp!<\/p>\n<p>Wem das noch nicht reicht: Lasst Eure gefiederten Freunde unseren<a href=\"http:\/\/www.weichei.co.at\/wp\/?page_id=257\"> Milbemix Zaubertrunk<\/a> verkosten!<\/p>\n<p><img decoding=\"async\" loading=\"lazy\" class=\" wp-image-141 aligncenter\" src=\"http:\/\/www.weichei.co.at\/wp\/wp-content\/uploads\/2017\/02\/otto_klein-724x1024.jpg\" alt=\"\" width=\"340\" height=\"481\" \/><\/p>\n\n\n<div style=\"text-align:left\" class=\"wp-block-fruitful-blocks-fruitful-alert ff fruitful_alert ff-alert-success ff-id-block-5319ebad-ab81-4c92-9386-c748225ce459\"><i class=\"ff-icon\"><\/i><div>Zusammensetzung: <br>Mais, Weizen, Sojaextraktionsschrot HP, Calciumcarbonat, Sonnenblumenschrot, Gerste, Hafer, Sonnenblumen, Pflanzenfett, Monocalciumphosphat, Weizenkleie, Natrium-chlorid, DL-Methionin, Natriumbicarbonat; Himalaya Zeder, Ind. Gelbwurz, Schwarzer Pfeffer, Ingwer;<\/div><a href=\"#\" class=\"ff-alert-dismiss\"><\/a><\/div>\n","protected":false},"excerpt":{"rendered":"<p>&#8222;Wo H\u00fchner, da auch die Milbe! Durch jahreslanges Probieren haben wir einen Kr\u00e4uterextrakt gefunden, der unsere H\u00fchner gut bei der Abwehr unterst\u00fctzt. So konnten wir den Einsatz von Chemie deutlich reduzieren.&#8220; Perndlhofchef Andi, unser M\u00e4dchen f\u00fcr Alles quasi \ud83d\ude09 \u00a0 Die roten Plagegeister &#8211; Wer kennt sie nicht? Dieser Mix eignet sich zur Unterst\u00fctzung bei [&hellip;]<\/p>\n","protected":false},"author":1,"featured_media":0,"parent":0,"menu_order":0,"comment_status":"closed","ping_status":"closed","template":"","meta":[],"_links":{"self":[{"href":"http:\/\/www.weichei.co.at\/wp\/index.php?rest_route=\/wp\/v2\/pages\/126"}],"collection":[{"href":"http:\/\/www.weichei.co.at\/wp\/index.php?rest_route=\/wp\/v2\/pages"}],"about":[{"href":"http:\/\/www.weichei.co.at\/wp\/index.php?rest_route=\/wp\/v2\/types\/page"}],"author":[{"embeddable":true,"href":"http:\/\/www.weichei.co.at\/wp\/index.php?rest_route=\/wp\/v2\/users\/1"}],"replies":[{"embeddable":true,"href":"http:\/\/www.weichei.co.at\/wp\/index.php?rest_route=%2Fwp%2Fv2%2Fcomments&post=126"}],"version-history":[{"count":6,"href":"http:\/\/www.weichei.co.at\/wp\/index.php?rest_route=\/wp\/v2\/pages\/126\/revisions"}],"predecessor-version":[{"id":472,"href":"http:\/\/www.weichei.co.at\/wp\/index.php?rest_route=\/wp\/v2\/pages\/126\/revisions\/472"}],"wp:attachment":[{"href":"http:\/\/www.weichei.co.at\/wp\/index.php?rest_route=%2Fwp%2Fv2%2Fmedia&parent=126"}],"curies":[{"name":"wp","href":"https:\/\/api.w.org\/{rel}","templated":true}]}}