{"id":124,"date":"2017-02-21T18:56:48","date_gmt":"2017-02-21T17:56:48","guid":{"rendered":"http:\/\/www.weichei.co.at\/wp\/?page_id=124"},"modified":"2020-10-20T10:44:04","modified_gmt":"2020-10-20T08:44:04","slug":"babette","status":"publish","type":"page","link":"http:\/\/www.weichei.co.at\/wp\/?page_id=124","title":{"rendered":"Babette&#8217;s Relax"},"content":{"rendered":"<blockquote>\n<p>&#8222;Babette&#8217;s ist Futter und Besch\u00e4ftigung in Einem. Die Struktur regt zum Scharren und Modellieren mit dem Schnabel an und dient den H\u00fchnern gerade in der kalten Jahreszeit und bei Stallpflicht zur Unterhaltung. Perfektes Mauser- und Winterfutter, super zum Kombinieren mit Anton&#8217;s bei Federzupfen und gegenseitigen Bepicken.&#8220;<\/p>\n<p>Gefl\u00fcgeltier\u00e4rztin Magdalena DeSouza &#8211; Pilz, Beratung Rezepturen<\/p>\n<\/blockquote>\n<p>\u00a0<\/p>\n<p>Stallpflicht = Stress und Langeweile? Dieser Mix enth\u00e4lt hochverf\u00fcgbares Magnesium und Tryptophan und hilft den Stresspegel Deiner H\u00fchner zu senken &#8211;\u00a0Schokolade f\u00fcr H\u00fchner quasi \ud83d\ude09<\/p>\n<p>Au\u00dferdem besch\u00e4ftigen kurz geschnittenes Bergheu und leckere Apfeltrester Deine Federb\u00e4llchen und sorgen so f\u00fcr Abwechslung im Stall.\u00a0Aktuell haben wir den Gehalt an bestimmten Aminos\u00e4uren und Mineralstoffen erh\u00f6ht um die Neubildung von Federn zu unterst\u00fctzen.<\/p>\n<p><img decoding=\"async\" loading=\"lazy\" class=\" wp-image-139 aligncenter\" src=\"http:\/\/www.weichei.co.at\/wp\/wp-content\/uploads\/2017\/02\/babette_klein-724x1024.jpg\" alt=\"\" width=\"371\" height=\"525\" \/><\/p>\n\n\n<div style=\"text-align:left\" class=\"wp-block-fruitful-blocks-fruitful-alert ff fruitful_alert ff-alert-success ff-id-block-cbda2024-64b7-4e35-bec6-31a1f448dab9\"><i class=\"ff-icon\"><\/i><div>Zusammensetzung:<br>Mais, Weizen, Gerste, Sojaextraktionsschrot HP, Calciumcarbonat, Sonnenblumenschrot, Hafer, Apfeltrester, Pflanzenfett, Monocalciumphosphat, Weizenkleie, Sonnenblumen, Heu, Natrium-chlorid, DL-Methionin, Natriumbicarbonat; Magnesiumoxid, Magnesiumacetat, Weidenrinde, Milchzuckerpulver, Kr\u00e4uter getrocknet<\/div><a href=\"#\" class=\"ff-alert-dismiss\"><\/a><\/div>\n","protected":false},"excerpt":{"rendered":"<p>&#8222;Babette&#8217;s ist Futter und Besch\u00e4ftigung in Einem. Die Struktur regt zum Scharren und Modellieren mit dem Schnabel an und dient den H\u00fchnern gerade in der kalten Jahreszeit und bei Stallpflicht zur Unterhaltung. Perfektes Mauser- und Winterfutter, super zum Kombinieren mit Anton&#8217;s bei Federzupfen und gegenseitigen Bepicken.&#8220; Gefl\u00fcgeltier\u00e4rztin Magdalena DeSouza &#8211; Pilz, Beratung Rezepturen \u00a0 Stallpflicht [&hellip;]<\/p>\n","protected":false},"author":1,"featured_media":0,"parent":0,"menu_order":0,"comment_status":"closed","ping_status":"closed","template":"","meta":[],"_links":{"self":[{"href":"http:\/\/www.weichei.co.at\/wp\/index.php?rest_route=\/wp\/v2\/pages\/124"}],"collection":[{"href":"http:\/\/www.weichei.co.at\/wp\/index.php?rest_route=\/wp\/v2\/pages"}],"about":[{"href":"http:\/\/www.weichei.co.at\/wp\/index.php?rest_route=\/wp\/v2\/types\/page"}],"author":[{"embeddable":true,"href":"http:\/\/www.weichei.co.at\/wp\/index.php?rest_route=\/wp\/v2\/users\/1"}],"replies":[{"embeddable":true,"href":"http:\/\/www.weichei.co.at\/wp\/index.php?rest_route=%2Fwp%2Fv2%2Fcomments&post=124"}],"version-history":[{"count":8,"href":"http:\/\/www.weichei.co.at\/wp\/index.php?rest_route=\/wp\/v2\/pages\/124\/revisions"}],"predecessor-version":[{"id":469,"href":"http:\/\/www.weichei.co.at\/wp\/index.php?rest_route=\/wp\/v2\/pages\/124\/revisions\/469"}],"wp:attachment":[{"href":"http:\/\/www.weichei.co.at\/wp\/index.php?rest_route=%2Fwp%2Fv2%2Fmedia&parent=124"}],"curies":[{"name":"wp","href":"https:\/\/api.w.org\/{rel}","templated":true}]}}