{"id":122,"date":"2017-02-21T18:56:22","date_gmt":"2017-02-21T17:56:22","guid":{"rendered":"http:\/\/www.weichei.co.at\/wp\/?page_id=122"},"modified":"2020-10-20T10:44:35","modified_gmt":"2020-10-20T08:44:35","slug":"anton","status":"publish","type":"page","link":"http:\/\/www.weichei.co.at\/wp\/?page_id=122","title":{"rendered":"Anton&#8217;s Fit und Stark"},"content":{"rendered":"<blockquote>\n<p>&#8222;Anton&#8217;s ist das perfekte energiereiche\u00a0Futter f\u00fcr Junghennen, legende Tiere und die ideale Mischung zum Saisonstart im Fr\u00fchjahr.&#8220;<\/p>\n<p>Opa Sepp, Seniorchef am Perndlhof und Model \ud83d\ude09<\/p>\n<p>\u00a0<\/p>\n<\/blockquote>\n<p>Der ideale Mix, wenn Du Deinen H\u00fchnern eine extra Portion Energie und Vitamine g\u00f6nnen willst. Der hohe Anteil an B-Vitaminen unterst\u00fctzt den Leberstoffwechsel. Vitamin E und Selen wirken als nat\u00fcrliches Zellschutzschild. Au\u00dferdem wird die Bildung einer gesunden Darmflora und ein intaktes Immunsystem gef\u00f6rdert.<\/p>\n<p><img decoding=\"async\" loading=\"lazy\" class=\"aligncenter  wp-image-229\" src=\"http:\/\/www.weichei.co.at\/wp\/wp-content\/uploads\/2017\/02\/anton.jpg\" alt=\"\" width=\"276\" height=\"400\" srcset=\"http:\/\/www.weichei.co.at\/wp\/wp-content\/uploads\/2017\/02\/anton.jpg 599w, http:\/\/www.weichei.co.at\/wp\/wp-content\/uploads\/2017\/02\/anton-207x300.jpg 207w\" sizes=\"(max-width: 276px) 100vw, 276px\" \/><\/p>\n\n\n<div style=\"text-align:left\" class=\"wp-block-fruitful-blocks-fruitful-alert ff fruitful_alert ff-alert-success ff-id-block-bf907af5-0887-4846-b2c4-72a344b82712\"><i class=\"ff-icon\"><\/i><div>Zusammensetzung:<br>Sojaextraktionsschrot HP, Mais, Weizen, Gerste, Sonnenblumen, Calciumcarbonat, Sonnenblumenschrot, Pflanzenfett, Monocalciumphosphat, Weizenkleie, Natrium-chlorid, DL-Methionin, Natriumbicarbonat; Hefen und Teile der Hefen (Hefeprodukt), Magnesiumoxyd, Kr\u00e4uter getrocknet <\/div><a href=\"#\" class=\"ff-alert-dismiss\"><\/a><\/div>\n","protected":false},"excerpt":{"rendered":"<p>&#8222;Anton&#8217;s ist das perfekte energiereiche\u00a0Futter f\u00fcr Junghennen, legende Tiere und die ideale Mischung zum Saisonstart im Fr\u00fchjahr.&#8220; Opa Sepp, Seniorchef am Perndlhof und Model \ud83d\ude09 \u00a0 Der ideale Mix, wenn Du Deinen H\u00fchnern eine extra Portion Energie und Vitamine g\u00f6nnen willst. Der hohe Anteil an B-Vitaminen unterst\u00fctzt den Leberstoffwechsel. Vitamin E und Selen wirken als [&hellip;]<\/p>\n","protected":false},"author":1,"featured_media":0,"parent":0,"menu_order":0,"comment_status":"closed","ping_status":"closed","template":"","meta":[],"_links":{"self":[{"href":"http:\/\/www.weichei.co.at\/wp\/index.php?rest_route=\/wp\/v2\/pages\/122"}],"collection":[{"href":"http:\/\/www.weichei.co.at\/wp\/index.php?rest_route=\/wp\/v2\/pages"}],"about":[{"href":"http:\/\/www.weichei.co.at\/wp\/index.php?rest_route=\/wp\/v2\/types\/page"}],"author":[{"embeddable":true,"href":"http:\/\/www.weichei.co.at\/wp\/index.php?rest_route=\/wp\/v2\/users\/1"}],"replies":[{"embeddable":true,"href":"http:\/\/www.weichei.co.at\/wp\/index.php?rest_route=%2Fwp%2Fv2%2Fcomments&post=122"}],"version-history":[{"count":12,"href":"http:\/\/www.weichei.co.at\/wp\/index.php?rest_route=\/wp\/v2\/pages\/122\/revisions"}],"predecessor-version":[{"id":470,"href":"http:\/\/www.weichei.co.at\/wp\/index.php?rest_route=\/wp\/v2\/pages\/122\/revisions\/470"}],"wp:attachment":[{"href":"http:\/\/www.weichei.co.at\/wp\/index.php?rest_route=%2Fwp%2Fv2%2Fmedia&parent=122"}],"curies":[{"name":"wp","href":"https:\/\/api.w.org\/{rel}","templated":true}]}}